{"id":21,"date":"2025-06-06T10:03:58","date_gmt":"2025-06-06T13:03:58","guid":{"rendered":"https:\/\/vozdainfancia.com.br\/?page_id=21"},"modified":"2025-06-10T15:27:52","modified_gmt":"2025-06-10T18:27:52","slug":"index","status":"publish","type":"page","link":"https:\/\/vozdainfancia.com.br\/","title":{"rendered":"P\u00e1gina Inicial"},"content":{"rendered":"\n<div class=\"wp-block-cover alignfull\"><img decoding=\"async\" class=\"wp-block-cover__image-background wp-image-89 size-full\" alt=\"\" src=\"https:\/\/vozdainfancia.com.br\/wp-content\/uploads\/2025\/06\/SEDSODH_Slide_SUBCAD_vasda3_page-0001-1-3.jpg\" data-object-fit=\"cover\"\/><span aria-hidden=\"true\" class=\"wp-block-cover__background has-background-dim-0 has-background-dim\" style=\"background-color:#363e69\"><\/span><div class=\"wp-block-cover__inner-container is-layout-flow wp-block-cover-is-layout-flow\">\n<p class=\"has-text-align-center has-xx-large-font-size\"><strong>Voz da Inf\u00e2ncia<\/strong><\/p>\n<\/div><\/div>\n\n\n\n<div style=\"height:50px\" aria-hidden=\"true\" class=\"wp-block-spacer\"><\/div>\n\n\n\n<figure class=\"wp-block-image aligncenter size-full is-resized\"><img loading=\"lazy\" decoding=\"async\" width=\"512\" height=\"512\" src=\"https:\/\/vozdainfancia.com.br\/wp-content\/uploads\/2025\/06\/objetivos.png\" alt=\"\" class=\"wp-image-39\" style=\"width:182px;height:auto\" srcset=\"https:\/\/vozdainfancia.com.br\/wp-content\/uploads\/2025\/06\/objetivos.png 512w, https:\/\/vozdainfancia.com.br\/wp-content\/uploads\/2025\/06\/objetivos-300x300.png 300w, https:\/\/vozdainfancia.com.br\/wp-content\/uploads\/2025\/06\/objetivos-150x150.png 150w\" sizes=\"auto, (max-width: 512px) 100vw, 512px\" \/><\/figure>\n\n\n\n<h2 class=\"wp-block-heading has-text-align-center has-text-color has-link-color wp-elements-f12c05c074ad3ca9328453e8db4c4d27\" style=\"color:#042f52\">Nossa proposta \u00e9 capacitar professores da rede municipal para que sejam aptos a identificar os sinais de viol\u00eancia<\/h2>\n\n\n\n<div style=\"height:50px\" aria-hidden=\"true\" class=\"wp-block-spacer\"><\/div>\n\n\n\n<div class=\"wp-block-columns is-layout-flex wp-container-core-columns-is-layout-28f84493 wp-block-columns-is-layout-flex\">\n<div class=\"wp-block-column is-layout-flow wp-block-column-is-layout-flow\">\n<figure class=\"wp-block-image aligncenter size-full is-resized\"><img loading=\"lazy\" decoding=\"async\" width=\"512\" height=\"512\" src=\"https:\/\/vozdainfancia.com.br\/wp-content\/uploads\/2025\/06\/orelha.png\" alt=\"\" class=\"wp-image-41\" style=\"width:146px;height:auto\" srcset=\"https:\/\/vozdainfancia.com.br\/wp-content\/uploads\/2025\/06\/orelha.png 512w, https:\/\/vozdainfancia.com.br\/wp-content\/uploads\/2025\/06\/orelha-300x300.png 300w, https:\/\/vozdainfancia.com.br\/wp-content\/uploads\/2025\/06\/orelha-150x150.png 150w\" sizes=\"auto, (max-width: 512px) 100vw, 512px\" \/><\/figure>\n\n\n\n<h3 class=\"wp-block-heading has-text-align-center has-text-color has-link-color wp-elements-e63a6ae75600404b984f544d1e030be2\" style=\"color:#042f52\">Escuta Especializada<\/h3>\n\n\n\n<p class=\"has-text-align-center\">Procedimento de entrevista sobre a situa\u00e7\u00e3o de viol\u00eancia realizada por um profissional especializado da rede de prote\u00e7\u00e3o, em local acolhedor e com privacidade onde crian\u00e7as e adolescentes s\u00e3o assistidos por assistentes sociais e psic\u00f3logos especializados.<\/p>\n<\/div>\n\n\n\n<div class=\"wp-block-column is-layout-flow wp-block-column-is-layout-flow\">\n<figure class=\"wp-block-image aligncenter size-full is-resized\"><img loading=\"lazy\" decoding=\"async\" width=\"512\" height=\"512\" src=\"https:\/\/vozdainfancia.com.br\/wp-content\/uploads\/2025\/06\/ensino.png\" alt=\"\" class=\"wp-image-40\" style=\"width:146px;height:auto\" srcset=\"https:\/\/vozdainfancia.com.br\/wp-content\/uploads\/2025\/06\/ensino.png 512w, https:\/\/vozdainfancia.com.br\/wp-content\/uploads\/2025\/06\/ensino-300x300.png 300w, https:\/\/vozdainfancia.com.br\/wp-content\/uploads\/2025\/06\/ensino-150x150.png 150w\" sizes=\"auto, (max-width: 512px) 100vw, 512px\" \/><\/figure>\n\n\n\n<h3 class=\"wp-block-heading has-text-align-center has-text-color has-link-color wp-elements-a81731b5b38ec39b7bf0abd86db07e45\" style=\"color:#042f52\">Plataforma de Ensino<\/h3>\n\n\n\n<p class=\"has-text-align-center\">Um ambiente virtual de aprendizagem destinado aos professores da rede municipal de educa\u00e7\u00e3o para que realizem cursos e capacita\u00e7\u00f5es orientadas para a identifica\u00e7\u00e3o dos sinais de viol\u00eancia em crian\u00e7as e adolescentes.<\/p>\n<\/div>\n\n\n\n<div class=\"wp-block-column is-layout-flow wp-block-column-is-layout-flow\">\n<figure class=\"wp-block-image aligncenter size-full is-resized\"><img loading=\"lazy\" decoding=\"async\" width=\"512\" height=\"512\" src=\"https:\/\/vozdainfancia.com.br\/wp-content\/uploads\/2025\/06\/gerenciamento-de-riscos.png\" alt=\"\" class=\"wp-image-42\" style=\"width:147px;height:auto\" srcset=\"https:\/\/vozdainfancia.com.br\/wp-content\/uploads\/2025\/06\/gerenciamento-de-riscos.png 512w, https:\/\/vozdainfancia.com.br\/wp-content\/uploads\/2025\/06\/gerenciamento-de-riscos-300x300.png 300w, https:\/\/vozdainfancia.com.br\/wp-content\/uploads\/2025\/06\/gerenciamento-de-riscos-150x150.png 150w\" sizes=\"auto, (max-width: 512px) 100vw, 512px\" \/><\/figure>\n\n\n\n<h3 class=\"wp-block-heading has-text-align-center has-text-color has-link-color wp-elements-8c262785b636dbebe33a8a3b139da987\" style=\"color:#042f52\">Canal de Den\u00fancias<\/h3>\n\n\n\n<p class=\"has-text-align-center\">Uma \u00e1rea restrita destinada para a den\u00fancia de viola\u00e7\u00f5es dos direitos das crian\u00e7as e dos adolescentes. Um canal realizado pela Secretaria de Desenvolvimento Social e Direitos Humanos em contato direto como o Minist\u00e9rio P\u00fablico, Delegacia e Conselho Tutelar.<\/p>\n<\/div>\n<\/div>\n\n\n\n<div style=\"height:50px\" aria-hidden=\"true\" class=\"wp-block-spacer\"><\/div>\n\n\n\n<figure class=\"wp-block-image alignfull size-large\"><img loading=\"lazy\" decoding=\"async\" width=\"1024\" height=\"248\" src=\"https:\/\/vozdainfancia.com.br\/wp-content\/uploads\/2025\/06\/diversity-5392891_1920-1-1-1024x248.png\" alt=\"\" class=\"wp-image-70\" srcset=\"https:\/\/vozdainfancia.com.br\/wp-content\/uploads\/2025\/06\/diversity-5392891_1920-1-1-1024x248.png 1024w, https:\/\/vozdainfancia.com.br\/wp-content\/uploads\/2025\/06\/diversity-5392891_1920-1-1-300x73.png 300w, https:\/\/vozdainfancia.com.br\/wp-content\/uploads\/2025\/06\/diversity-5392891_1920-1-1-768x186.png 768w, https:\/\/vozdainfancia.com.br\/wp-content\/uploads\/2025\/06\/diversity-5392891_1920-1-1-1536x372.png 1536w, https:\/\/vozdainfancia.com.br\/wp-content\/uploads\/2025\/06\/diversity-5392891_1920-1-1-2048x496.png 2048w\" sizes=\"auto, (max-width: 1024px) 100vw, 1024px\" \/><\/figure>\n\n\n\n<h2 class=\"wp-block-heading has-text-align-center has-text-color has-link-color wp-elements-68f20363541ad675c826368d5dd387de\" style=\"color:#042f52\">\u00daltimas Not\u00edcias<\/h2>\n\n\n\n<div style=\"height:50px\" aria-hidden=\"true\" class=\"wp-block-spacer\"><\/div>\n\n\n\n<div class=\"wp-block-columns is-layout-flex wp-container-core-columns-is-layout-28f84493 wp-block-columns-is-layout-flex\">\n<div class=\"wp-block-column is-layout-flow wp-block-column-is-layout-flow\" style=\"flex-basis:25%\"><\/div>\n\n\n\n<div class=\"wp-block-column is-layout-flow wp-block-column-is-layout-flow\" style=\"flex-basis:50%\">\n<div class=\"wp-block-query is-layout-flow wp-block-query-is-layout-flow\"><ul class=\"wp-block-post-template is-layout-flow wp-block-post-template-is-layout-flow\"><li class=\"wp-block-post post-82 post type-post status-publish format-standard has-post-thumbnail hentry category-sem-categoria\">\n\n<div class=\"wp-block-columns are-vertically-aligned-center is-layout-flex wp-container-core-columns-is-layout-28f84493 wp-block-columns-is-layout-flex\">\n<div class=\"wp-block-column is-vertically-aligned-center is-layout-flow wp-block-column-is-layout-flow\" style=\"flex-basis:25%\"><figure class=\"wp-block-post-featured-image\"><a href=\"https:\/\/vozdainfancia.com.br\/index.php\/2025\/06\/10\/a-secretaria-de-desenvolvimento-social-e-direitos-humanos\/\" target=\"_self\"  ><img loading=\"lazy\" decoding=\"async\" width=\"2560\" height=\"1440\" src=\"https:\/\/vozdainfancia.com.br\/wp-content\/uploads\/2025\/06\/SEDSODH_Slide_SUBCAD_vasda3_page-0001-scaled.jpg\" class=\"attachment-post-thumbnail size-post-thumbnail wp-post-image\" alt=\"A Secretaria de Desenvolvimento Social e Direitos Humanos\" style=\"object-fit:cover;\" srcset=\"https:\/\/vozdainfancia.com.br\/wp-content\/uploads\/2025\/06\/SEDSODH_Slide_SUBCAD_vasda3_page-0001-scaled.jpg 2560w, https:\/\/vozdainfancia.com.br\/wp-content\/uploads\/2025\/06\/SEDSODH_Slide_SUBCAD_vasda3_page-0001-300x169.jpg 300w, https:\/\/vozdainfancia.com.br\/wp-content\/uploads\/2025\/06\/SEDSODH_Slide_SUBCAD_vasda3_page-0001-1024x576.jpg 1024w, https:\/\/vozdainfancia.com.br\/wp-content\/uploads\/2025\/06\/SEDSODH_Slide_SUBCAD_vasda3_page-0001-768x432.jpg 768w, https:\/\/vozdainfancia.com.br\/wp-content\/uploads\/2025\/06\/SEDSODH_Slide_SUBCAD_vasda3_page-0001-1536x864.jpg 1536w, https:\/\/vozdainfancia.com.br\/wp-content\/uploads\/2025\/06\/SEDSODH_Slide_SUBCAD_vasda3_page-0001-2048x1152.jpg 2048w\" sizes=\"auto, (max-width: 2560px) 100vw, 2560px\" \/><\/a><\/figure><\/div>\n\n\n\n<div class=\"wp-block-column is-vertically-aligned-center is-layout-flow wp-block-column-is-layout-flow\" style=\"flex-basis:75%\"><h4 style=\"color:#042f52;\" class=\"has-link-color wp-elements-6eedf97e45d62ac711322ff6916415cf wp-block-post-title has-text-color\"><a href=\"https:\/\/vozdainfancia.com.br\/index.php\/2025\/06\/10\/a-secretaria-de-desenvolvimento-social-e-direitos-humanos\/\" target=\"_self\" >A Secretaria de Desenvolvimento Social e Direitos Humanos<\/a><\/h4><\/div>\n<\/div>\n\n<\/li><li class=\"wp-block-post post-79 post type-post status-publish format-standard has-post-thumbnail hentry category-sem-categoria\">\n\n<div class=\"wp-block-columns are-vertically-aligned-center is-layout-flex wp-container-core-columns-is-layout-28f84493 wp-block-columns-is-layout-flex\">\n<div class=\"wp-block-column is-vertically-aligned-center is-layout-flow wp-block-column-is-layout-flow\" style=\"flex-basis:25%\"><figure class=\"wp-block-post-featured-image\"><a href=\"https:\/\/vozdainfancia.com.br\/index.php\/2025\/06\/10\/o-canal-de-denuncias\/\" target=\"_self\"  ><img loading=\"lazy\" decoding=\"async\" width=\"1280\" height=\"720\" src=\"https:\/\/vozdainfancia.com.br\/wp-content\/uploads\/2025\/06\/chart-3331249_1280.png\" class=\"attachment-post-thumbnail size-post-thumbnail wp-post-image\" alt=\"O Canal de Den\u00fancias\" style=\"object-fit:cover;\" srcset=\"https:\/\/vozdainfancia.com.br\/wp-content\/uploads\/2025\/06\/chart-3331249_1280.png 1280w, https:\/\/vozdainfancia.com.br\/wp-content\/uploads\/2025\/06\/chart-3331249_1280-300x169.png 300w, https:\/\/vozdainfancia.com.br\/wp-content\/uploads\/2025\/06\/chart-3331249_1280-1024x576.png 1024w, https:\/\/vozdainfancia.com.br\/wp-content\/uploads\/2025\/06\/chart-3331249_1280-768x432.png 768w\" sizes=\"auto, (max-width: 1280px) 100vw, 1280px\" \/><\/a><\/figure><\/div>\n\n\n\n<div class=\"wp-block-column is-vertically-aligned-center is-layout-flow wp-block-column-is-layout-flow\" style=\"flex-basis:75%\"><h4 style=\"color:#042f52;\" class=\"has-link-color wp-elements-6eedf97e45d62ac711322ff6916415cf wp-block-post-title has-text-color\"><a href=\"https:\/\/vozdainfancia.com.br\/index.php\/2025\/06\/10\/o-canal-de-denuncias\/\" target=\"_self\" >O Canal de Den\u00fancias<\/a><\/h4><\/div>\n<\/div>\n\n<\/li><li class=\"wp-block-post post-75 post type-post status-publish format-standard has-post-thumbnail hentry category-sem-categoria\">\n\n<div class=\"wp-block-columns are-vertically-aligned-center is-layout-flex wp-container-core-columns-is-layout-28f84493 wp-block-columns-is-layout-flex\">\n<div class=\"wp-block-column is-vertically-aligned-center is-layout-flow wp-block-column-is-layout-flow\" style=\"flex-basis:25%\"><figure class=\"wp-block-post-featured-image\"><a href=\"https:\/\/vozdainfancia.com.br\/index.php\/2025\/06\/10\/a-plataforma-educacional\/\" target=\"_self\"  ><img loading=\"lazy\" decoding=\"async\" width=\"1280\" height=\"724\" src=\"https:\/\/vozdainfancia.com.br\/wp-content\/uploads\/2025\/06\/pupil-8767598_1280.jpg\" class=\"attachment-post-thumbnail size-post-thumbnail wp-post-image\" alt=\"A Plataforma Educacional\" style=\"object-fit:cover;\" srcset=\"https:\/\/vozdainfancia.com.br\/wp-content\/uploads\/2025\/06\/pupil-8767598_1280.jpg 1280w, https:\/\/vozdainfancia.com.br\/wp-content\/uploads\/2025\/06\/pupil-8767598_1280-300x170.jpg 300w, https:\/\/vozdainfancia.com.br\/wp-content\/uploads\/2025\/06\/pupil-8767598_1280-1024x579.jpg 1024w, https:\/\/vozdainfancia.com.br\/wp-content\/uploads\/2025\/06\/pupil-8767598_1280-768x434.jpg 768w\" sizes=\"auto, (max-width: 1280px) 100vw, 1280px\" \/><\/a><\/figure><\/div>\n\n\n\n<div class=\"wp-block-column is-vertically-aligned-center is-layout-flow wp-block-column-is-layout-flow\" style=\"flex-basis:75%\"><h4 style=\"color:#042f52;\" class=\"has-link-color wp-elements-6eedf97e45d62ac711322ff6916415cf wp-block-post-title has-text-color\"><a href=\"https:\/\/vozdainfancia.com.br\/index.php\/2025\/06\/10\/a-plataforma-educacional\/\" target=\"_self\" >A Plataforma Educacional<\/a><\/h4><\/div>\n<\/div>\n\n<\/li><li class=\"wp-block-post post-1 post type-post status-publish format-standard has-post-thumbnail hentry category-sem-categoria\">\n\n<div class=\"wp-block-columns are-vertically-aligned-center is-layout-flex wp-container-core-columns-is-layout-28f84493 wp-block-columns-is-layout-flex\">\n<div class=\"wp-block-column is-vertically-aligned-center is-layout-flow wp-block-column-is-layout-flow\" style=\"flex-basis:25%\"><figure class=\"wp-block-post-featured-image\"><a href=\"https:\/\/vozdainfancia.com.br\/index.php\/2025\/06\/03\/ola-mundo\/\" target=\"_self\"  ><img loading=\"lazy\" decoding=\"async\" width=\"2560\" height=\"1440\" src=\"https:\/\/vozdainfancia.com.br\/wp-content\/uploads\/2025\/06\/SEDSODH_Slide_SUBCAD_vasda3_page-0001-scaled.jpg\" class=\"attachment-post-thumbnail size-post-thumbnail wp-post-image\" alt=\"O Programa Voz da Inf\u00e2ncia\" style=\"object-fit:cover;\" srcset=\"https:\/\/vozdainfancia.com.br\/wp-content\/uploads\/2025\/06\/SEDSODH_Slide_SUBCAD_vasda3_page-0001-scaled.jpg 2560w, https:\/\/vozdainfancia.com.br\/wp-content\/uploads\/2025\/06\/SEDSODH_Slide_SUBCAD_vasda3_page-0001-300x169.jpg 300w, https:\/\/vozdainfancia.com.br\/wp-content\/uploads\/2025\/06\/SEDSODH_Slide_SUBCAD_vasda3_page-0001-1024x576.jpg 1024w, https:\/\/vozdainfancia.com.br\/wp-content\/uploads\/2025\/06\/SEDSODH_Slide_SUBCAD_vasda3_page-0001-768x432.jpg 768w, https:\/\/vozdainfancia.com.br\/wp-content\/uploads\/2025\/06\/SEDSODH_Slide_SUBCAD_vasda3_page-0001-1536x864.jpg 1536w, https:\/\/vozdainfancia.com.br\/wp-content\/uploads\/2025\/06\/SEDSODH_Slide_SUBCAD_vasda3_page-0001-2048x1152.jpg 2048w\" sizes=\"auto, (max-width: 2560px) 100vw, 2560px\" \/><\/a><\/figure><\/div>\n\n\n\n<div class=\"wp-block-column is-vertically-aligned-center is-layout-flow wp-block-column-is-layout-flow\" style=\"flex-basis:75%\"><h4 style=\"color:#042f52;\" class=\"has-link-color wp-elements-6eedf97e45d62ac711322ff6916415cf wp-block-post-title has-text-color\"><a href=\"https:\/\/vozdainfancia.com.br\/index.php\/2025\/06\/03\/ola-mundo\/\" target=\"_self\" >O Programa Voz da Inf\u00e2ncia<\/a><\/h4><\/div>\n<\/div>\n\n<\/li><\/ul><\/div>\n<\/div>\n\n\n\n<div class=\"wp-block-column is-layout-flow wp-block-column-is-layout-flow\" style=\"flex-basis:25%\"><\/div>\n<\/div>\n\n\n\n<div style=\"height:100px\" aria-hidden=\"true\" class=\"wp-block-spacer\"><\/div>\n\n\n\n<p><\/p>\n","protected":false},"excerpt":{"rendered":"<p>Nossa proposta \u00e9 capacitar professores da rede municipal para que sejam aptos a identificar os sinais de viol\u00eancia Escuta Especializada Procedimento de entrevista sobre a situa\u00e7\u00e3o de viol\u00eancia realizada por um profissional especializado da rede de prote\u00e7\u00e3o, em local acolhedor e com privacidade onde crian\u00e7as e adolescentes s\u00e3o assistidos por assistentes sociais e psic\u00f3logos especializados. [&hellip;]<\/p>\n","protected":false},"author":1,"featured_media":0,"parent":0,"menu_order":0,"comment_status":"closed","ping_status":"closed","template":"","meta":{"footnotes":""},"class_list":["post-21","page","type-page","status-publish","hentry"],"blocksy_meta":[],"_links":{"self":[{"href":"https:\/\/vozdainfancia.com.br\/index.php\/wp-json\/wp\/v2\/pages\/21","targetHints":{"allow":["GET"]}}],"collection":[{"href":"https:\/\/vozdainfancia.com.br\/index.php\/wp-json\/wp\/v2\/pages"}],"about":[{"href":"https:\/\/vozdainfancia.com.br\/index.php\/wp-json\/wp\/v2\/types\/page"}],"author":[{"embeddable":true,"href":"https:\/\/vozdainfancia.com.br\/index.php\/wp-json\/wp\/v2\/users\/1"}],"replies":[{"embeddable":true,"href":"https:\/\/vozdainfancia.com.br\/index.php\/wp-json\/wp\/v2\/comments?post=21"}],"version-history":[{"count":29,"href":"https:\/\/vozdainfancia.com.br\/index.php\/wp-json\/wp\/v2\/pages\/21\/revisions"}],"predecessor-version":[{"id":92,"href":"https:\/\/vozdainfancia.com.br\/index.php\/wp-json\/wp\/v2\/pages\/21\/revisions\/92"}],"wp:attachment":[{"href":"https:\/\/vozdainfancia.com.br\/index.php\/wp-json\/wp\/v2\/media?parent=21"}],"curies":[{"name":"wp","href":"https:\/\/api.w.org\/{rel}","templated":true}]}}