{"id":96,"date":"2025-06-10T15:40:09","date_gmt":"2025-06-10T18:40:09","guid":{"rendered":"https:\/\/vozdainfancia.com.br\/?page_id=96"},"modified":"2025-06-30T11:54:36","modified_gmt":"2025-06-30T14:54:36","slug":"canal-de-denuncias","status":"publish","type":"page","link":"https:\/\/vozdainfancia.com.br\/index.php\/canal-de-denuncias\/","title":{"rendered":"Canal de Den\u00fancias"},"content":{"rendered":"\n<h2 class=\"wp-block-heading\">Canal de Den\u00fancias do Programa Voz da Inf\u00e2ncia<\/h2>\n\n\n\n<div style=\"height:50px\" aria-hidden=\"true\" class=\"wp-block-spacer\"><\/div>\n\n\n\n<div class=\"wp-block-buttons is-content-justification-center is-layout-flex wp-container-core-buttons-is-layout-a89b3969 wp-block-buttons-is-layout-flex\">\n<div class=\"wp-block-button has-custom-width wp-block-button__width-25\"><a class=\"wp-block-button__link has-background has-medium-font-size has-text-align-center has-custom-font-size wp-element-button\" href=\"https:\/\/denuncias.vozdainfancia.com.br\/#\/\" style=\"background-color:#5660a7;padding-top:var(--wp--preset--spacing--40);padding-bottom:var(--wp--preset--spacing--40)\">FA\u00c7A SUA DEN\u00daNCIA<\/a><\/div>\n\n\n\n<div class=\"wp-block-button has-custom-width wp-block-button__width-25\"><a class=\"wp-block-button__link has-cyan-bluish-gray-background-color has-background has-medium-font-size has-custom-font-size wp-element-button\" href=\"https:\/\/denuncias.vozdainfancia.com.br\/#\/login\" style=\"padding-top:var(--wp--preset--spacing--40);padding-bottom:var(--wp--preset--spacing--40)\">ACESSO ADMINISTRADOR<\/a><\/div>\n<\/div>\n\n\n\n<div style=\"height:50px\" aria-hidden=\"true\" class=\"wp-block-spacer\"><\/div>\n\n\n\n<blockquote class=\"wp-block-quote is-style-default is-layout-flow wp-block-quote-is-layout-flow\">\n<p><em>Sua voz protegida. O direito das crian\u00e7as garantido.<\/em><\/p>\n<\/blockquote>\n\n\n\n<p>O Canal de Den\u00fancias do Programa <strong>A Voz da Inf\u00e2ncia<\/strong> \u00e9 uma ferramenta digital segura, \u00e9tica e sigilosa, criada para receber relatos sobre <strong>viol\u00eancia, maus-tratos, neglig\u00eancia ou viola\u00e7\u00f5es de direitos de crian\u00e7as e adolescentes<\/strong>.<\/p>\n\n\n\n<p>Desenvolvido com base nos mais altos padr\u00f5es de prote\u00e7\u00e3o de dados e seguran\u00e7a da informa\u00e7\u00e3o, o canal garante o <strong>anonimato do denunciante<\/strong> (quando desejado) e a confidencialidade de todos os dados, em estrita conformidade com a <strong>Lei Geral de Prote\u00e7\u00e3o de Dados Pessoais (LGPD)<\/strong> e o <strong>Estatuto da Crian\u00e7a e do Adolescente (ECA)<\/strong>.<\/p>\n\n\n\n<p>O sistema \u00e9 operado por meio de uma plataforma, que oferece:<\/p>\n\n\n\n<div style=\"height:50px\" aria-hidden=\"true\" class=\"wp-block-spacer\"><\/div>\n\n\n\n<div class=\"wp-block-group is-layout-grid wp-container-core-group-is-layout-1a149459 wp-block-group-is-layout-grid\">\n<figure class=\"wp-block-image size-medium is-style-default wp-container-content-ec55e6f3\"><img loading=\"lazy\" decoding=\"async\" width=\"300\" height=\"300\" src=\"https:\/\/vozdainfancia.com.br\/wp-content\/uploads\/2025\/06\/criptografia-4-300x300.png\" alt=\"\" class=\"wp-image-155\" style=\"object-fit:cover\" srcset=\"https:\/\/vozdainfancia.com.br\/wp-content\/uploads\/2025\/06\/criptografia-4-300x300.png 300w, https:\/\/vozdainfancia.com.br\/wp-content\/uploads\/2025\/06\/criptografia-4-150x150.png 150w, https:\/\/vozdainfancia.com.br\/wp-content\/uploads\/2025\/06\/criptografia-4.png 512w\" sizes=\"auto, (max-width: 300px) 100vw, 300px\" \/><\/figure>\n\n\n\n<figure class=\"wp-block-image size-medium wp-container-content-ec55e6f3\"><img loading=\"lazy\" decoding=\"async\" width=\"300\" height=\"300\" src=\"https:\/\/vozdainfancia.com.br\/wp-content\/uploads\/2025\/06\/controle-de-qualidade-1-300x300.png\" alt=\"\" class=\"wp-image-156\" srcset=\"https:\/\/vozdainfancia.com.br\/wp-content\/uploads\/2025\/06\/controle-de-qualidade-1-300x300.png 300w, https:\/\/vozdainfancia.com.br\/wp-content\/uploads\/2025\/06\/controle-de-qualidade-1-150x150.png 150w, https:\/\/vozdainfancia.com.br\/wp-content\/uploads\/2025\/06\/controle-de-qualidade-1.png 512w\" sizes=\"auto, (max-width: 300px) 100vw, 300px\" \/><\/figure>\n\n\n\n<figure class=\"wp-block-image size-medium\"><img loading=\"lazy\" decoding=\"async\" width=\"300\" height=\"300\" src=\"https:\/\/vozdainfancia.com.br\/wp-content\/uploads\/2025\/06\/registro-1-300x300.png\" alt=\"\" class=\"wp-image-157\" srcset=\"https:\/\/vozdainfancia.com.br\/wp-content\/uploads\/2025\/06\/registro-1-300x300.png 300w, https:\/\/vozdainfancia.com.br\/wp-content\/uploads\/2025\/06\/registro-1-150x150.png 150w, https:\/\/vozdainfancia.com.br\/wp-content\/uploads\/2025\/06\/registro-1.png 512w\" sizes=\"auto, (max-width: 300px) 100vw, 300px\" \/><\/figure>\n\n\n\n<figure class=\"wp-block-image size-medium\"><img loading=\"lazy\" decoding=\"async\" width=\"300\" height=\"300\" src=\"https:\/\/vozdainfancia.com.br\/wp-content\/uploads\/2025\/06\/maquina-de-escrever-1-300x300.png\" alt=\"\" class=\"wp-image-158\" srcset=\"https:\/\/vozdainfancia.com.br\/wp-content\/uploads\/2025\/06\/maquina-de-escrever-1-300x300.png 300w, https:\/\/vozdainfancia.com.br\/wp-content\/uploads\/2025\/06\/maquina-de-escrever-1-150x150.png 150w, https:\/\/vozdainfancia.com.br\/wp-content\/uploads\/2025\/06\/maquina-de-escrever-1.png 512w\" sizes=\"auto, (max-width: 300px) 100vw, 300px\" \/><\/figure>\n\n\n\n<figure class=\"wp-block-image size-medium\"><img loading=\"lazy\" decoding=\"async\" width=\"300\" height=\"300\" src=\"https:\/\/vozdainfancia.com.br\/wp-content\/uploads\/2025\/06\/sereia-1-300x300.png\" alt=\"\" class=\"wp-image-159\" srcset=\"https:\/\/vozdainfancia.com.br\/wp-content\/uploads\/2025\/06\/sereia-1-300x300.png 300w, https:\/\/vozdainfancia.com.br\/wp-content\/uploads\/2025\/06\/sereia-1-150x150.png 150w, https:\/\/vozdainfancia.com.br\/wp-content\/uploads\/2025\/06\/sereia-1.png 512w\" sizes=\"auto, (max-width: 300px) 100vw, 300px\" \/><\/figure>\n<\/div>\n\n\n\n<div class=\"wp-block-group is-layout-grid wp-container-core-group-is-layout-1a149459 wp-block-group-is-layout-grid\">\n<p class=\"has-text-align-center\"><strong>Criptografia de ponta a ponta<\/strong><\/p>\n\n\n\n<p class=\"has-text-align-center\"><strong>Controle r\u00edgido de acesso<\/strong><\/p>\n\n\n\n<p class=\"has-text-align-center\"><strong>Registro de logs<\/strong><\/p>\n\n\n\n<p class=\"has-text-align-center\"><strong>Possibilidade de den\u00fancia an\u00f4nima ou identificada<\/strong><\/p>\n\n\n\n<p class=\"has-text-align-center\"><strong>Encaminhamento seguro \u00e0s autoridades competentes<\/strong><\/p>\n<\/div>\n\n\n\n<blockquote class=\"wp-block-quote is-layout-flow wp-block-quote-is-layout-flow\">\n<p><strong><em>Sua seguran\u00e7a e a prote\u00e7\u00e3o das v\u00edtimas s\u00e3o prioridade.<\/em><\/strong><br><em>Nenhuma informa\u00e7\u00e3o ser\u00e1 compartilhada sem necessidade legal e todos os relatos s\u00e3o tratados com responsabilidade e sigilo.<\/em><\/p>\n<\/blockquote>\n\n\n\n<div style=\"height:50px\" aria-hidden=\"true\" class=\"wp-block-spacer\"><\/div>\n\n\n\n<h2 class=\"wp-block-heading\">Den\u00fancias com responsabilidade<\/h2>\n\n\n\n<p>O uso do canal deve respeitar os princ\u00edpios da<strong> \u00e9tica, da veracidade e da boa-f\u00e9<\/strong>. <strong>Den\u00fancias falsas ou conte\u00fados ofensivos n\u00e3o ser\u00e3o tolerados e podem gerar responsabiliza\u00e7\u00e3o conforme a legisla\u00e7\u00e3o vigente<\/strong>.<\/p>\n\n\n\n<div style=\"height:50px\" aria-hidden=\"true\" class=\"wp-block-spacer\"><\/div>\n\n\n\n<p>Em caso de d\u00favidas sobre o funcionamento do canal ou sobre o tratamento de seus dados pessoais, entre em contato com o <strong>Encarregado de Prote\u00e7\u00e3o de Dados<\/strong> do Programa <em>Voz da Inf\u00e2ncia<\/em>.<\/p>\n\n\n\n<div style=\"height:50px\" aria-hidden=\"true\" class=\"wp-block-spacer\"><\/div>\n","protected":false},"excerpt":{"rendered":"<p>Canal de Den\u00fancias do Programa Voz da Inf\u00e2ncia Sua voz protegida. O direito das crian\u00e7as garantido. O Canal de Den\u00fancias do Programa A Voz da Inf\u00e2ncia \u00e9 uma ferramenta digital segura, \u00e9tica e sigilosa, criada para receber relatos sobre viol\u00eancia, maus-tratos, neglig\u00eancia ou viola\u00e7\u00f5es de direitos de crian\u00e7as e adolescentes. Desenvolvido com base nos mais [&hellip;]<\/p>\n","protected":false},"author":1,"featured_media":0,"parent":0,"menu_order":0,"comment_status":"closed","ping_status":"closed","template":"","meta":{"footnotes":""},"class_list":["post-96","page","type-page","status-publish","hentry"],"blocksy_meta":[],"_links":{"self":[{"href":"https:\/\/vozdainfancia.com.br\/index.php\/wp-json\/wp\/v2\/pages\/96","targetHints":{"allow":["GET"]}}],"collection":[{"href":"https:\/\/vozdainfancia.com.br\/index.php\/wp-json\/wp\/v2\/pages"}],"about":[{"href":"https:\/\/vozdainfancia.com.br\/index.php\/wp-json\/wp\/v2\/types\/page"}],"author":[{"embeddable":true,"href":"https:\/\/vozdainfancia.com.br\/index.php\/wp-json\/wp\/v2\/users\/1"}],"replies":[{"embeddable":true,"href":"https:\/\/vozdainfancia.com.br\/index.php\/wp-json\/wp\/v2\/comments?post=96"}],"version-history":[{"count":20,"href":"https:\/\/vozdainfancia.com.br\/index.php\/wp-json\/wp\/v2\/pages\/96\/revisions"}],"predecessor-version":[{"id":176,"href":"https:\/\/vozdainfancia.com.br\/index.php\/wp-json\/wp\/v2\/pages\/96\/revisions\/176"}],"wp:attachment":[{"href":"https:\/\/vozdainfancia.com.br\/index.php\/wp-json\/wp\/v2\/media?parent=96"}],"curies":[{"name":"wp","href":"https:\/\/api.w.org\/{rel}","templated":true}]}}